{"id":7,"date":"2019-08-16T11:31:07","date_gmt":"2019-08-16T11:31:07","guid":{"rendered":"https:\/\/snailelockers.com\/fr\/?page_id=7"},"modified":"2024-09-06T13:36:03","modified_gmt":"2024-09-06T13:36:03","slug":"home","status":"publish","type":"page","link":"https:\/\/snailelockers.com\/fr\/","title":{"rendered":"Home"},"content":{"rendered":"<section class=\"container indus-lock pdg\">\n<h1>CASIERS PAR APPLICATION<\/h1>\n<p class=\"text\">Quelle solution est la meilleure pour vous?<\/p>\n<ul class=\"indus-lock\">\n<li>\n<figure><img decoding=\"async\" src=\"https:\/\/snailelockers.com\/fr\/wp-content\/uploads\/2019\/08\/residential.jpg\"><figcaption>MULTI-R\u00c9SIDENTIEL<\/figcaption><a class=\"md-opjjpmhoiojifppkkcdabiobhakljdgm_doc\" href=\"https:\/\/snailelockers.com\/fr\/multi-residentiel\/\">APPRENDRE PLUS<\/a><\/figure>\n<\/li>\n<li>\n<figure><img decoding=\"async\" src=\"https:\/\/snailelockers.com\/fr\/wp-content\/uploads\/2019\/08\/commercial.jpg\" alt=\"Commercial\"><br \/>\n&nbsp;&nbsp;<figcaption>COMMERCIAL<\/figcaption><a class=\"md-opjjpmhoiojifppkkcdabiobhakljdgm_doc\" href=\"https:\/\/snailelockers.com\/fr\/commercial\/\">APPRENDRE PLUS<\/a><\/figure>\n<\/li>\n<li>\n<figure><img decoding=\"async\" src=\"https:\/\/snailelockers.com\/fr\/wp-content\/uploads\/2019\/08\/retail.jpg\"><br \/>\n&nbsp;&nbsp;<figcaption>VENTE AU D\u00c9TAIL<\/figcaption><a class=\"md-opjjpmhoiojifppkkcdabiobhakljdgm_doc\" href=\"https:\/\/snailelockers.com\/fr\/vente-au-detail\/\">APPRENDRE PLUS<\/a><\/figure>\n<\/li>\n<li>\n<figure><img decoding=\"async\" src=\"https:\/\/snailelockers.com\/fr\/wp-content\/uploads\/2019\/08\/school.jpg\"><br \/>\n&nbsp;&nbsp;<figcaption>CAMPUS SCOLAIRE<\/figcaption><a class=\"md-opjjpmhoiojifppkkcdabiobhakljdgm_doc\" href=\"https:\/\/snailelockers.com\/fr\/campus-scolaire\/\">APPRENDRE PLUS<\/a><\/figure>\n<\/li>\n<\/ul>\n<\/section>\n<section class=\"container map pdg\">\n<div class=\"col-lg-6 col-md-6 col-sm-12\">\n<h3 class=\"title\">Villes canadiennes avec des clients de casiers Snaile<\/h3>\n<\/div>\n<div class=\"col-lg-6 col-md-6 col-sm-12\"><img decoding=\"async\" src=\"https:\/\/snailelockers.com\/fr\/wp-content\/uploads\/2019\/08\/SNAILE_MapInstall_AugustFR.jpg\"><\/div>\n<\/section>\n<section class=\"container-flud weare-section pdg clearfix  text-center\">\n<h2 class=\"title\">NOUS SOMMES CANADIENS<\/h2>\n<p class=\"text\">Casiers \u00e0 colis Snaile pour applications canadiennes<\/p>\n<ul class=\"list-box clearfix\">\n<li><img decoding=\"async\" src=\"https:\/\/snailelockers.com\/fr\/wp-content\/uploads\/2019\/08\/icon1.png\">&nbsp;<br \/>\n<h3>FRAN\u00c7AIS ANGLAIS ET MANDARIN<\/h3>\n<p>Interface de casier Fran\u00e7ais, Anglais et Mandarin et support t\u00e9l\u00e9phonique et Web bilingue bas\u00e9 au Canada 24 h sur 24, 7 jours sur 7<\/li>\n<li><img decoding=\"async\" src=\"https:\/\/snailelockers.com\/fr\/wp-content\/uploads\/2019\/08\/icon2.png\">&nbsp;<br \/>\n<h3>Support sur place<\/h3>\n<p>Nos sp\u00e9cialistes client\u00e8le sont sur site * pendant les 2-3 premiers jours<br \/>\n<span class=\"star-text\">* peut \u00eatre soumis \u00e0 des frais suppl\u00e9mentaires pour les<br \/>\ncomptes non admissibles<\/span><\/li>\n<li><img decoding=\"async\" src=\"https:\/\/snailelockers.com\/fr\/wp-content\/uploads\/2019\/08\/icon3.png\">&nbsp;<br \/>\n<h3>100% canadien<\/h3>\n<p>Support\u00e9, install\u00e9 et entretenu \u00e0<\/p>\n<p>partir du Canada,&amp; , Snaile n&#8217;est pas un revendeur<\/li>\n<li><img decoding=\"async\" src=\"https:\/\/snailelockers.com\/fr\/wp-content\/uploads\/2019\/08\/icon4.jpg\">&nbsp;<br \/>\n<h3>CERTIFI\u00c9 CANADIEN<\/h3>\n<p>Les casiers sont certifi\u00e9s \u00e9lectriquement pour \u00eatre utilis\u00e9s au Canada<\/li>\n<li><img decoding=\"async\" src=\"https:\/\/snailelockers.com\/fr\/wp-content\/uploads\/2019\/08\/icon5.png\">&nbsp;<br \/>\n<h3>conformite au lois<\/h3>\n<p>Seuls les casiers canadiens h\u00e9bergeant des logiciels au Canada et conformes aux lois de la LPRPDE<\/li>\n<li class=\"extra-icon\"><img decoding=\"async\" src=\"https:\/\/snailelockers.com\/fr\/wp-content\/uploads\/2020\/07\/icon6.png\">&nbsp;<br \/>\n<h3>livreur agnostique<\/h3>\n<p>Accessible par tous les livreurs<\/li>\n<\/ul>\n<p><a class=\"btn md-opjjpmhoiojifppkkcdabiobhakljdgm_doc\" href=\"https:\/\/snailelockers.com\/fr\/casiers-par-application\/\">LIRE LA SUITE<\/a><\/p>\n<\/section>\n","protected":false},"excerpt":{"rendered":"<p>CASIERS PAR APPLICATION Quelle solution est la meilleure pour vous? MULTI-R\u00c9SIDENTIELAPPRENDRE PLUS &nbsp;&nbsp;COMMERCIALAPPRENDRE PLUS &nbsp;&nbsp;VENTE AU D\u00c9TAILAPPRENDRE PLUS &nbsp;&nbsp;CAMPUS SCOLAIREAPPRENDRE PLUS Villes canadiennes avec des clients de casiers Snaile NOUS SOMMES CANADIENS Casiers \u00e0 colis Snaile pour applications canadiennes &nbsp; FRAN\u00c7AIS ANGLAIS ET MANDARIN Interface de casier Fran\u00e7ais, Anglais et Mandarin et support t\u00e9l\u00e9phonique et &hellip; <\/p>\n<p class=\"link-more\"><a href=\"https:\/\/snailelockers.com\/fr\/\" class=\"more-link\">Continue reading<span class=\"screen-reader-text\"> &#8220;Home&#8221;<\/span><\/a><\/p>\n","protected":false},"author":4,"featured_media":0,"parent":0,"menu_order":0,"comment_status":"closed","ping_status":"closed","template":"","meta":{"_acf_changed":false,"ngg_post_thumbnail":0,"footnotes":""},"class_list":["post-7","page","type-page","status-publish","hentry"],"acf":[],"yoast_head":"<!-- This site is optimized with the Yoast SEO plugin v26.4 - https:\/\/yoast.com\/wordpress\/plugins\/seo\/ -->\n<title>Home - Snaile Lockers<\/title>\n<meta name=\"robots\" content=\"index, follow, max-snippet:-1, max-image-preview:large, max-video-preview:-1\" \/>\n<link rel=\"canonical\" href=\"https:\/\/snailelockers.com\/fr\/\" \/>\n<meta property=\"og:locale\" content=\"en_US\" \/>\n<meta property=\"og:type\" content=\"article\" \/>\n<meta property=\"og:title\" content=\"Home - Snaile Lockers\" \/>\n<meta property=\"og:description\" content=\"CASIERS PAR APPLICATION Quelle solution est la meilleure pour vous? MULTI-R\u00c9SIDENTIELAPPRENDRE PLUS &nbsp;&nbsp;COMMERCIALAPPRENDRE PLUS &nbsp;&nbsp;VENTE AU D\u00c9TAILAPPRENDRE PLUS &nbsp;&nbsp;CAMPUS SCOLAIREAPPRENDRE PLUS Villes canadiennes avec des clients de casiers Snaile NOUS SOMMES CANADIENS Casiers \u00e0 colis Snaile pour applications canadiennes &nbsp; FRAN\u00c7AIS ANGLAIS ET MANDARIN Interface de casier Fran\u00e7ais, Anglais et Mandarin et support t\u00e9l\u00e9phonique et &hellip; Continue reading &quot;Home&quot;\" \/>\n<meta property=\"og:url\" content=\"https:\/\/snailelockers.com\/fr\/wp-json\/wp\/v2\/pages\/7\" \/>\n<meta property=\"og:site_name\" content=\"Snaile Lockers\" \/>\n<meta property=\"article:modified_time\" content=\"2024-09-06T13:36:03+00:00\" \/>\n<meta property=\"og:image\" content=\"https:\/\/snailelockers.com\/fr\/wp-content\/uploads\/2019\/08\/residential.jpg\" \/>\n<meta name=\"twitter:card\" content=\"summary_large_image\" \/>\n<meta name=\"twitter:label1\" content=\"Est. reading time\" \/>\n\t<meta name=\"twitter:data1\" content=\"3 minutes\" \/>\n<script type=\"application\/ld+json\" class=\"yoast-schema-graph\">{\"@context\":\"https:\/\/schema.org\",\"@graph\":[{\"@type\":\"WebPage\",\"@id\":\"https:\/\/snailelockers.com\/fr\/\",\"url\":\"https:\/\/snailelockers.com\/fr\/\",\"name\":\"Home - Snaile Lockers\",\"isPartOf\":{\"@id\":\"https:\/\/snailelockers.com\/fr\/#website\"},\"primaryImageOfPage\":{\"@id\":\"https:\/\/snailelockers.com\/fr\/#primaryimage\"},\"image\":{\"@id\":\"https:\/\/snailelockers.com\/fr\/#primaryimage\"},\"thumbnailUrl\":\"https:\/\/snailelockers.com\/fr\/wp-content\/uploads\/2019\/08\/residential.jpg\",\"datePublished\":\"2019-08-16T11:31:07+00:00\",\"dateModified\":\"2024-09-06T13:36:03+00:00\",\"breadcrumb\":{\"@id\":\"https:\/\/snailelockers.com\/fr\/#breadcrumb\"},\"inLanguage\":\"en-US\",\"potentialAction\":[{\"@type\":\"ReadAction\",\"target\":[\"https:\/\/snailelockers.com\/fr\/\"]}]},{\"@type\":\"ImageObject\",\"inLanguage\":\"en-US\",\"@id\":\"https:\/\/snailelockers.com\/fr\/#primaryimage\",\"url\":\"https:\/\/snailelockers.com\/fr\/wp-content\/uploads\/2019\/08\/residential.jpg\",\"contentUrl\":\"https:\/\/snailelockers.com\/fr\/wp-content\/uploads\/2019\/08\/residential.jpg\",\"width\":236,\"height\":234,\"caption\":\"Snaile Gallery\"},{\"@type\":\"BreadcrumbList\",\"@id\":\"https:\/\/snailelockers.com\/fr\/#breadcrumb\",\"itemListElement\":[{\"@type\":\"ListItem\",\"position\":1,\"name\":\"Home\",\"item\":\"https:\/\/snailelockers.com\/fr\/\"},{\"@type\":\"ListItem\",\"position\":2,\"name\":\"Home\"}]},{\"@type\":\"WebSite\",\"@id\":\"https:\/\/snailelockers.com\/fr\/#website\",\"url\":\"https:\/\/snailelockers.com\/fr\/\",\"name\":\"Snaile Lockers\",\"description\":\"\",\"potentialAction\":[{\"@type\":\"SearchAction\",\"target\":{\"@type\":\"EntryPoint\",\"urlTemplate\":\"https:\/\/snailelockers.com\/fr\/?s={search_term_string}\"},\"query-input\":{\"@type\":\"PropertyValueSpecification\",\"valueRequired\":true,\"valueName\":\"search_term_string\"}}],\"inLanguage\":\"en-US\"}]}<\/script>\n<!-- \/ Yoast SEO plugin. -->","yoast_head_json":{"title":"Home - Snaile Lockers","robots":{"index":"index","follow":"follow","max-snippet":"max-snippet:-1","max-image-preview":"max-image-preview:large","max-video-preview":"max-video-preview:-1"},"canonical":"https:\/\/snailelockers.com\/fr\/","og_locale":"en_US","og_type":"article","og_title":"Home - Snaile Lockers","og_description":"CASIERS PAR APPLICATION Quelle solution est la meilleure pour vous? MULTI-R\u00c9SIDENTIELAPPRENDRE PLUS &nbsp;&nbsp;COMMERCIALAPPRENDRE PLUS &nbsp;&nbsp;VENTE AU D\u00c9TAILAPPRENDRE PLUS &nbsp;&nbsp;CAMPUS SCOLAIREAPPRENDRE PLUS Villes canadiennes avec des clients de casiers Snaile NOUS SOMMES CANADIENS Casiers \u00e0 colis Snaile pour applications canadiennes &nbsp; FRAN\u00c7AIS ANGLAIS ET MANDARIN Interface de casier Fran\u00e7ais, Anglais et Mandarin et support t\u00e9l\u00e9phonique et &hellip; Continue reading \"Home\"","og_url":"https:\/\/snailelockers.com\/fr\/wp-json\/wp\/v2\/pages\/7","og_site_name":"Snaile Lockers","article_modified_time":"2024-09-06T13:36:03+00:00","og_image":[{"url":"https:\/\/snailelockers.com\/fr\/wp-content\/uploads\/2019\/08\/residential.jpg","type":"","width":"","height":""}],"twitter_card":"summary_large_image","twitter_misc":{"Est. reading time":"3 minutes"},"schema":{"@context":"https:\/\/schema.org","@graph":[{"@type":"WebPage","@id":"https:\/\/snailelockers.com\/fr\/","url":"https:\/\/snailelockers.com\/fr\/","name":"Home - Snaile Lockers","isPartOf":{"@id":"https:\/\/snailelockers.com\/fr\/#website"},"primaryImageOfPage":{"@id":"https:\/\/snailelockers.com\/fr\/#primaryimage"},"image":{"@id":"https:\/\/snailelockers.com\/fr\/#primaryimage"},"thumbnailUrl":"https:\/\/snailelockers.com\/fr\/wp-content\/uploads\/2019\/08\/residential.jpg","datePublished":"2019-08-16T11:31:07+00:00","dateModified":"2024-09-06T13:36:03+00:00","breadcrumb":{"@id":"https:\/\/snailelockers.com\/fr\/#breadcrumb"},"inLanguage":"en-US","potentialAction":[{"@type":"ReadAction","target":["https:\/\/snailelockers.com\/fr\/"]}]},{"@type":"ImageObject","inLanguage":"en-US","@id":"https:\/\/snailelockers.com\/fr\/#primaryimage","url":"https:\/\/snailelockers.com\/fr\/wp-content\/uploads\/2019\/08\/residential.jpg","contentUrl":"https:\/\/snailelockers.com\/fr\/wp-content\/uploads\/2019\/08\/residential.jpg","width":236,"height":234,"caption":"Snaile Gallery"},{"@type":"BreadcrumbList","@id":"https:\/\/snailelockers.com\/fr\/#breadcrumb","itemListElement":[{"@type":"ListItem","position":1,"name":"Home","item":"https:\/\/snailelockers.com\/fr\/"},{"@type":"ListItem","position":2,"name":"Home"}]},{"@type":"WebSite","@id":"https:\/\/snailelockers.com\/fr\/#website","url":"https:\/\/snailelockers.com\/fr\/","name":"Snaile Lockers","description":"","potentialAction":[{"@type":"SearchAction","target":{"@type":"EntryPoint","urlTemplate":"https:\/\/snailelockers.com\/fr\/?s={search_term_string}"},"query-input":{"@type":"PropertyValueSpecification","valueRequired":true,"valueName":"search_term_string"}}],"inLanguage":"en-US"}]}},"_links":{"self":[{"href":"https:\/\/snailelockers.com\/fr\/wp-json\/wp\/v2\/pages\/7","targetHints":{"allow":["GET"]}}],"collection":[{"href":"https:\/\/snailelockers.com\/fr\/wp-json\/wp\/v2\/pages"}],"about":[{"href":"https:\/\/snailelockers.com\/fr\/wp-json\/wp\/v2\/types\/page"}],"author":[{"embeddable":true,"href":"https:\/\/snailelockers.com\/fr\/wp-json\/wp\/v2\/users\/4"}],"replies":[{"embeddable":true,"href":"https:\/\/snailelockers.com\/fr\/wp-json\/wp\/v2\/comments?post=7"}],"version-history":[{"count":32,"href":"https:\/\/snailelockers.com\/fr\/wp-json\/wp\/v2\/pages\/7\/revisions"}],"predecessor-version":[{"id":2480,"href":"https:\/\/snailelockers.com\/fr\/wp-json\/wp\/v2\/pages\/7\/revisions\/2480"}],"wp:attachment":[{"href":"https:\/\/snailelockers.com\/fr\/wp-json\/wp\/v2\/media?parent=7"}],"curies":[{"name":"wp","href":"https:\/\/api.w.org\/{rel}","templated":true}]}}