{"id":2037,"date":"2022-01-12T12:47:08","date_gmt":"2022-01-12T12:47:08","guid":{"rendered":"https:\/\/snailelockers.com\/fr\/?page_id=2037"},"modified":"2024-09-06T12:47:49","modified_gmt":"2024-09-06T12:47:49","slug":"configurations-des-casiers","status":"publish","type":"page","link":"https:\/\/snailelockers.com\/fr\/configurations-des-casiers\/","title":{"rendered":"Configurations Des Casiers"},"content":{"rendered":"\r\n<div class=\"container door-sect\">\r\n<div class=\"row\">\r\n<h1>Configurations Standards<\/h1>\r\n<div class=\"col-md-3 col-lg-3 col-sm-6 col-xs-12\">\r\n<div class=\"locker-type s-cong\"><img decoding=\"async\" class=\"img-responsive\" src=\"https:\/\/snailelockers.com\/fr\/wp-content\/uploads\/2022\/07\/master-5-door-shop.jpg\" alt=\"Dessin d'atelier de l'unit\u00e9 principale \u00e0 5 portes\">\r\n<h5>Dessin d&#8217;atelier de l&#8217;unit\u00e9 principale \u00e0 5 portes<\/h5>\r\n<a class=\"dwld btn\" href=\"https:\/\/snailelockers.com\/fr\/wp-content\/uploads\/2022\/07\/Standard-Master-5-Door_-Snaile_-Canada-2022-FR.pdf\" download=\"\">T\u00e9l\u00e9charger le PDF<\/a><\/div>\r\n<\/div>\r\n<div class=\"col-md-3 col-lg-3 col-sm-6 col-xs-12\">\r\n<div class=\"locker-type s-cong\"><img decoding=\"async\" class=\"img-responsive\" src=\"https:\/\/snailelockers.com\/wp-content\/uploads\/2022\/07\/master-8-door-shop.jpg\" alt=\"Dessin d'atelier de l'unit\u00e9 principale \u00e0 8 portes\">\r\n<h5>Dessin d&#8217;atelier de l&#8217;unit\u00e9 principale \u00e0 8 portes<\/h5>\r\n<a class=\"dwld btn\" href=\"https:\/\/snailelockers.com\/fr\/wp-content\/uploads\/2022\/07\/Standard-Master-8-Door_-Snaile_-Canada-2022-FR.pdf\" download=\"\">T\u00e9l\u00e9charger le PDF<\/a><\/div>\r\n<\/div>\r\n<div class=\"col-md-3 col-lg-3 col-sm-6 col-xs-12\">\r\n<div class=\"locker-type s-cong\"><img decoding=\"async\" class=\"img-responsive\" src=\"https:\/\/snailelockers.com\/wp-content\/uploads\/2022\/07\/master12-door-shop.jpg\" alt=\"Dessin d'atelier de l'unit\u00e9 principale \u00e0 12 portes\">\r\n<h5>Dessin d&#8217;atelier de l&#8217;unit\u00e9 principale \u00e0 12 portes<\/h5>\r\n<a class=\"dwld btn\" href=\"https:\/\/snailelockers.com\/fr\/wp-content\/uploads\/2022\/07\/Standard-Master-12-Door_-Snaile_-Canada-2022-FR.pdf\" download=\"\">T\u00e9l\u00e9charger le PDF<\/a><\/div>\r\n<\/div>\r\n<div class=\"col-md-3 col-lg-3 col-sm-6 col-xs-12\">\r\n<div class=\"locker-type s-cong\"><img decoding=\"async\" class=\"img-responsive\" src=\"https:\/\/snailelockers.com\/wp-content\/uploads\/2022\/07\/master-20-door-shop.jpg\" alt=\"Dessin d'atelier de l'unit\u00e9 principale \u00e0 20 portes\">\r\n<h5>Dessin d&#8217;atelier de l&#8217;unit\u00e9 principale \u00e0 20 portes<\/h5>\r\n<a class=\"dwld btn\" href=\"https:\/\/snailelockers.com\/fr\/wp-content\/uploads\/2022\/07\/Standard-Master-20-Door_-Snaile_-Canada-2022-FR.pdf\" download=\"\">T\u00e9l\u00e9charger le PDF<\/a><\/div>\r\n<\/div>\r\n<div class=\"col-md-3 col-lg-3 col-sm-6 col-xs-12\">\r\n<div class=\"locker-type s-cong\"><img decoding=\"async\" class=\"img-responsive\" src=\"https:\/\/snailelockers.com\/fr\/wp-content\/uploads\/2022\/07\/locker-slider16.jpg\" alt=\"Dessin d'atelier de l'unit\u00e9 principale \u00e0 1 portes\">\r\n<h5>Dessin d&#8217;atelier de l&#8217;unit\u00e9 principale \u00e0 1 portes<\/h5>\r\n<a class=\"dwld btn\" href=\"https:\/\/snailelockers.com\/fr\/wp-content\/uploads\/2022\/07\/Standard-Expansion-1-Door_-Snaile_-Canada-2022-FR.pdf\" download=\"\">T\u00e9l\u00e9charger le PDF<\/a><\/div>\r\n<\/div>\r\n<div class=\"col-md-3 col-lg-3 col-sm-6 col-xs-12\">\r\n<div class=\"locker-type s-cong\"><img decoding=\"async\" class=\"img-responsive\" src=\"https:\/\/snailelockers.com\/fr\/wp-content\/uploads\/2022\/07\/locker-slider15.jpg\" alt=\"Dessin d'atelier de l'unit\u00e9 principale \u00e0 2 portes\">\r\n<h5>Dessin d&#8217;atelier de l&#8217;unit\u00e9 principale \u00e0 2 portes<\/h5>\r\n<a class=\"dwld btn\" href=\"https:\/\/snailelockers.com\/fr\/wp-content\/uploads\/2022\/07\/Standard-Expansion-2-Door_-Snaile_-Canada-2022-FR.pdf\" download=\"\">T\u00e9l\u00e9charger le PDF<\/a><\/div>\r\n<\/div>\r\n<!--div class=\"col-md-3 col-lg-3 col-sm-6 col-xs-12\">\r\n<div class=\"locker-type s-cong\">\r\n             <img decoding=\"async\" src=\"https:\/\/snailedev.omdev.ca\/wp-content\/uploads\/2021\/01\/2-door-475.jpg\" alt=\"2-Door Shop Drawing\" class=\"img-responsive\">\r\n<h5>2-Door (475MM) Shop Drawing<\/h5>\r\n<a href=\"https:\/\/snailedev.omdev.ca\/wp-content\/uploads\/2021\/01\/2-Door-475mm-Expansion-Snaile-Canada.pdf\" class=\"dwld btn\" download=\"\">T\u00e9l\u00e9charger le PDF<\/a><\/div>\r\n<\/div-->\r\n<div class=\"col-md-3 col-lg-3 col-sm-6 col-xs-12\">\r\n<div class=\"locker-type s-cong\"><img decoding=\"async\" class=\"img-responsive\" src=\"https:\/\/snailelockers.com\/fr\/wp-content\/uploads\/2022\/07\/locker-slider13.jpg\" alt=\"Dessin d'atelier de l'unit\u00e9 principale \u00e0 4 portes\">\r\n<h5>Dessin d&#8217;atelier de l&#8217;unit\u00e9 principale \u00e0 4 portes<\/h5>\r\n<a class=\"dwld btn\" href=\"https:\/\/snailelockers.com\/fr\/wp-content\/uploads\/2022\/07\/Standard-Expansion-4-Door_-Snaile_-Canada-2022-FR.pdf\" download=\"\">T\u00e9l\u00e9charger le PDF<\/a><\/div>\r\n<\/div>\r\n<div class=\"col-md-3 col-lg-3 col-sm-6 col-xs-12\">\r\n<div class=\"locker-type s-cong\"><img decoding=\"async\" class=\"img-responsive\" src=\"https:\/\/snailelockers.com\/fr\/wp-content\/uploads\/2022\/07\/locker-slider18.jpg\" alt=\"Dessin d'atelier de cong\u00e9lateur \u00e0 4 portes\">\r\n<h5>Dessin d&#8217;atelier de cong\u00e9lateur \u00e0 4 portes<\/h5>\r\n<a class=\"dwld btn\" href=\"https:\/\/snailelockers.com\/fr\/wp-content\/uploads\/2022\/07\/Freezer-4-Door_-Snaile_Canada-2022-FR.pdf\" download=\"\">T\u00e9l\u00e9charger le PDF<\/a><\/div>\r\n<\/div>\r\n<div class=\"col-md-3 col-lg-3 col-sm-6 col-xs-12\">\r\n<div class=\"locker-type s-cong\"><img decoding=\"async\" class=\"img-responsive\" src=\"https:\/\/snailelockers.com\/fr\/wp-content\/uploads\/2022\/07\/4door-laundry.jpg\" alt=\"Dessin d'atelier a linge \u00e0 4 portes\">\r\n<h5>Dessin d&#8217;atelier a linge \u00e0 4 portes<\/h5>\r\n<a class=\"dwld btn\" href=\"https:\/\/snailelockers.com\/fr\/wp-content\/uploads\/2022\/07\/Laundry-4-Door_-Snaile_-Canada-2022-FR.pdf\" download=\"\">T\u00e9l\u00e9charger le PDF<\/a><\/div>\r\n<\/div>\r\n<div class=\"col-md-3 col-lg-3 col-sm-6 col-xs-12\">\r\n<div class=\"locker-type s-cong\"><img decoding=\"async\" class=\"img-responsive\" src=\"https:\/\/snailelockers.com\/fr\/wp-content\/uploads\/2022\/07\/locker-slider10.jpg\" alt=\"Dessin d'atelier de unit\u00e9 d'expansion 7 portes\">\r\n<h5>Dessin d&#8217;atelier de unit\u00e9 d&#8217;expansion 7 portes<\/h5>\r\n<a class=\"dwld btn\" href=\"https:\/\/snailelockers.com\/fr\/wp-content\/uploads\/2022\/07\/Standard-Expansion-7-Door_-Snaile_-Canada-2022-FR.pdf\" download=\"\">T\u00e9l\u00e9charger le PDF<\/a><\/div>\r\n<\/div>\r\n<!--\r\n<div class=\"col-md-3 col-lg-3 col-sm-6 col-xs-12\">\r\n<div class=\"locker-type s-cong\">\r\n             <img decoding=\"async\" src=\"https:\/\/snailedev.omdev.ca\/wp-content\/uploads\/2021\/01\/locker-slider9.jpg\" alt=\"Smart locker 8 door expansion\" class=\"img-responsive\">\r\n<h5>8-Door Shop Drawing<\/h5>\r\n<a href=\"https:\/\/snailedev.omdev.ca\/wp-content\/uploads\/2021\/01\/8-Door-Expansion-Snaile-Canada.pdf\" class=\"dwld btn\" download=\"\">T\u00e9l\u00e9charger le PDF<\/a><\/div>\r\n<\/div>\r\n-->\r\n<div class=\"col-md-3 col-lg-3 col-sm-6 col-xs-12\">\r\n<div class=\"locker-type s-cong\"><img decoding=\"async\" class=\"img-responsive\" src=\"https:\/\/snailelockers.com\/fr\/wp-content\/uploads\/2022\/07\/locker-slider17.jpg\" alt=\"Dessin d'atelier de r\u00e9frig\u00e9rateur \u00e0 8 portes\">\r\n<h5>Dessin d&#8217;atelier de r\u00e9frig\u00e9rateur \u00e0 8 portes<\/h5>\r\n<a class=\"dwld btn\" href=\"https:\/\/snailelockers.com\/fr\/wp-content\/uploads\/2022\/07\/Refrigerated-8-Door_-Snaile_-Canada-2022-FR.pdf\" download=\"\">T\u00e9l\u00e9charger le PDF<\/a><\/div>\r\n<\/div>\r\n<div class=\"col-md-3 col-lg-3 col-sm-6 col-xs-12\">\r\n<div class=\"locker-type s-cong\"><img decoding=\"async\" class=\"img-responsive\" src=\"https:\/\/snailelockers.com\/fr\/wp-content\/uploads\/2022\/07\/locker-slider7.jpg\" alt=\"Dessin d'atelier de unit\u00e9 d'expansion 14 portes\">\r\n<h5>Dessin d&#8217;atelier de unit\u00e9 d&#8217;expansion 14 portes<\/h5>\r\n<a class=\"dwld btn\" href=\"https:\/\/snailelockers.com\/fr\/wp-content\/uploads\/2022\/07\/Standard-Expansion-14-Door_-Snaile_-Canada-2022-FR.pdf\" download=\"\">T\u00e9l\u00e9charger le PDF<\/a><\/div>\r\n<\/div>\r\n<\/div>\r\n<div class=\"row\">\r\n<h2>Configurations de chargement dans l\u2019arri\u00e8re<\/h2>\r\n<div class=\"col-md-3 col-lg-3 col-sm-6 col-xs-12\">\r\n<div class=\"locker-type s-cong\"><img decoding=\"async\" class=\"img-responsive\" src=\"https:\/\/snailelockers.com\/fr\/wp-content\/uploads\/2022\/07\/locker-slider13.jpg\" alt=\"Dessin d'atelier de unit\u00e9 d'expansion 4 portes\">\r\n<h5>Dessin d&#8217;atelier de unit\u00e9 d&#8217;expansion 4 portes<\/h5>\r\n<a class=\"dwld btn\" href=\"https:\/\/snailelockers.com\/fr\/wp-content\/uploads\/2022\/07\/Rear-Load-Expansion-4-Door_-Snaile_-Canada-2022-FR.pdf\" download=\"\">T\u00e9l\u00e9charger le PDF<\/a><\/div>\r\n<\/div>\r\n<div class=\"col-md-3 col-lg-3 col-sm-6 col-xs-12\">\r\n<div class=\"locker-type s-cong\"><img decoding=\"async\" class=\"img-responsive\" src=\"https:\/\/snailelockers.com\/fr\/wp-content\/uploads\/2022\/07\/12-door-exp.jpg\" alt=\"Dessin d'atelier de l'unit\u00e9 principale \u00e0 xx portes\">\r\n<h5>Dessin d&#8217;atelier de l&#8217;unit\u00e9 principale \u00e0 12 portes<\/h5>\r\n<a class=\"dwld btn\" href=\"https:\/\/snailelockers.com\/fr\/wp-content\/uploads\/2022\/07\/Rear-Load-Master-12-Door_-Snaile_-Canada-2022-FR.pdf\" download=\"\">T\u00e9l\u00e9charger le PDF<\/a><\/div>\r\n<\/div>\r\n<div class=\"col-md-3 col-lg-3 col-sm-6 col-xs-12\">\r\n<div class=\"locker-type s-cong\"><img decoding=\"async\" class=\"img-responsive\" src=\"https:\/\/snailelockers.com\/fr\/wp-content\/uploads\/2022\/07\/locker-slider7.jpg\" alt=\"Dessin d'atelier de unit\u00e9 d'expansion 14 portes\">\r\n<h5>Dessin d&#8217;atelier de unit\u00e9 d&#8217;expansion 14 portes<\/h5>\r\n<a class=\"dwld btn\" href=\"https:\/\/snailelockers.com\/fr\/wp-content\/uploads\/2022\/07\/Rear-Load-Expansion-14-Door_-Snaile_-Canada-2022-FR.pdf\" download=\"\">T\u00e9l\u00e9charger le PDF<\/a><\/div>\r\n<\/div>\r\n<\/div>\r\n<div class=\"row\">\r\n<h2>Configurations Non-Standard (dimension personnalis\u00e9 disponible)<\/h2>\r\n<div class=\"col-md-3 col-lg-3 col-sm-6 col-xs-12\">\r\n<div class=\"locker-type s-cong\"><img decoding=\"async\" class=\"img-responsive\" src=\"https:\/\/snailelockers.com\/fr\/wp-content\/uploads\/2022\/07\/master-10-door-shop.jpg\" alt=\"Dessin d'atelier de l'unit\u00e9 principale \u00e0 10 portes\">\r\n<h5>Dessin d&#8217;atelier de l&#8217;unit\u00e9 principale \u00e0 10 portes<\/h5>\r\n<a class=\"dwld btn\" href=\"https:\/\/snailelockers.com\/fr\/wp-content\/uploads\/2022\/07\/Non-Standard-Master-10-Door_-Snaile_-Canada-2022-FR.pdf\" download=\"\">T\u00e9l\u00e9charger le PDF<\/a><\/div>\r\n<\/div>\r\n<div class=\"col-md-3 col-lg-3 col-sm-6 col-xs-12\">\r\n<div class=\"locker-type s-cong\"><img decoding=\"async\" class=\"img-responsive\" src=\"https:\/\/snailelockers.com\/fr\/wp-content\/uploads\/2022\/07\/locker-slider14.jpg\" alt=\"Dessin d'atelier de unit\u00e9 d'expansion 3 portes\">\r\n<h5>Dessin d&#8217;atelier de unit\u00e9 d&#8217;expansion 3 portes<\/h5>\r\n<a class=\"dwld btn\" href=\"https:\/\/snailelockers.com\/fr\/wp-content\/uploads\/2022\/07\/Non-Standard-Expansion-3-Door_-Snaile_-Canada-2022-FR.pdf\" download=\"\">T\u00e9l\u00e9charger le PDF<\/a><\/div>\r\n<\/div>\r\n<div class=\"col-md-3 col-lg-3 col-sm-6 col-xs-12\">\r\n<div class=\"locker-type s-cong\"><img decoding=\"async\" class=\"img-responsive\" src=\"https:\/\/snailelockers.com\/fr\/wp-content\/uploads\/2022\/07\/locker-slider12.jpg\" alt=\"Dessin d'atelier de unit\u00e9 d'expansion 5 portes\">\r\n<h5>Dessin d&#8217;atelier de unit\u00e9 d&#8217;expansion 5 portes<\/h5>\r\n<a class=\"dwld btn\" href=\"https:\/\/snailelockers.com\/fr\/wp-content\/uploads\/2022\/07\/Non-Standard-Expansion-5-Door_-Snaile_-Canada-2022-FR.pdf\" download=\"\">T\u00e9l\u00e9charger le PDF<\/a><\/div>\r\n<\/div>\r\n<div class=\"col-md-3 col-lg-3 col-sm-6 col-xs-12\">\r\n<div class=\"locker-type s-cong\"><img decoding=\"async\" class=\"img-responsive\" src=\"https:\/\/snailelockers.com\/fr\/wp-content\/uploads\/2022\/07\/locker-slider11.jpg\" alt=\"Dessin d'atelier de unit\u00e9 d'expansion 6 portes\">\r\n<h5>Dessin d&#8217;atelier de unit\u00e9 d&#8217;expansion 6 portes<\/h5>\r\n<a class=\"dwld btn\" href=\"https:\/\/snailelockers.com\/fr\/wp-content\/uploads\/2022\/07\/Non-Standard-Expansion-6-Door_-Snaile_-Canada-2022-FR.pdf\" download=\"\">T\u00e9l\u00e9charger le PDF<\/a><\/div>\r\n<\/div>\r\n<div class=\"col-md-3 col-lg-3 col-sm-6 col-xs-12\">\r\n<div class=\"locker-type s-cong\"><img decoding=\"async\" class=\"img-responsive\" src=\"https:\/\/snailelockers.com\/fr\/wp-content\/uploads\/2022\/07\/locker-slider9.jpg\" alt=\"Dessin d'atelier de unit\u00e9 d'expansion 8 portes\">\r\n<h5>Dessin d&#8217;atelier de unit\u00e9 d&#8217;expansion 8 portes<\/h5>\r\n<a class=\"dwld btn\" href=\"https:\/\/snailelockers.com\/fr\/wp-content\/uploads\/2022\/07\/Non-Standard-Expansion-8-Door_-Snaile_-Canada-2022-FR.pdf\" download=\"\">T\u00e9l\u00e9charger le PDF<\/a><\/div>\r\n<\/div>\r\n<div class=\"col-md-3 col-lg-3 col-sm-6 col-xs-12\">\r\n<div class=\"locker-type s-cong\"><img decoding=\"async\" class=\"img-responsive\" src=\"https:\/\/snailelockers.com\/fr\/wp-content\/uploads\/2022\/07\/locker-slider8.jpg\" alt=\"Dessin d'atelier de unit\u00e9 d'expansion 10 portes \">\r\n<h5>Dessin d&#8217;atelier de unit\u00e9 d&#8217;expansion 10 portes<\/h5>\r\n<a class=\"dwld btn\" href=\"https:\/\/snailelockers.com\/fr\/wp-content\/uploads\/2022\/07\/Non-Standard-Expansion-10-Door_-Snaile_-Canada-2022-FR.pdf\" download=\"\">T\u00e9l\u00e9charger le PDF<\/a><\/div>\r\n<\/div>\r\n<div class=\"col-md-3 col-lg-3 col-sm-6 col-xs-12\">\r\n<div class=\"locker-type s-cong\"><img decoding=\"async\" class=\"img-responsive\" src=\"https:\/\/snailelockers.com\/fr\/wp-content\/uploads\/2022\/07\/12-door-exp.jpg\" alt=\"Dessin d'atelier de unit\u00e9 d'expansion 12 portes\">\r\n<h5>Dessin d&#8217;atelier de unit\u00e9 d&#8217;expansion 12 portes<\/h5>\r\n<a class=\"dwld btn\" href=\"https:\/\/snailelockers.com\/fr\/wp-content\/uploads\/2022\/07\/Non-Standard-Expansion-12-Door_-Snaile_-Canada-2022-FR.pdf\" download=\"\">T\u00e9l\u00e9charger le PDF<\/a><\/div>\r\n<\/div>\r\n<div class=\"col-md-3 col-lg-3 col-sm-6 col-xs-12\">\r\n<div class=\"locker-type s-cong\"><img decoding=\"async\" class=\"img-responsive\" src=\"https:\/\/snailelockers.com\/fr\/wp-content\/uploads\/2022\/07\/locker-slider6.jpg\" alt=\"Dessin d'atelier de unit\u00e9 d'expansion 16 portes\">\r\n<h5>Dessin d&#8217;atelier de unit\u00e9 d&#8217;expansion 16 portes<\/h5>\r\n<a class=\"dwld btn\" href=\"https:\/\/snailelockers.com\/fr\/wp-content\/uploads\/2022\/07\/Non-Standard-Expansion-16-Door_-Snaile_-Canada-2022-FR.pdf\" download=\"\">T\u00e9l\u00e9charger le PDF<\/a><\/div>\r\n<\/div>\r\n<\/div>\r\n<\/div>\r\n<p><style>\r\n.entry-header .entry-title{\r\ndisplay:none !important;\r\n}\r\n\/* css added for standard page*\/\r\n.s-cong{\r\n\tbackground:#f3f3f3 !important;\r\n\tpadding-bottom:10px;\r\n}\r\n.s-cong h5{\r\n\ttext-align:center !important;\r\n\tfont-size:15px;\r\n}\r\n.s-cong img{\r\n\tborder:1px solid #f3f3f3;\r\n\tmargin-left: auto;\r\n    margin-right: auto;\r\n\t\r\n}\r\n.dwld.btn{\r\n\tfont-size:10px !important;\r\n}\r\n.door-sect{\r\n\tpadding:45px 0;\r\n}\r\n.locker-type.s-cong{\r\n\tmargin-bottom:25px !important;\r\n}\r\n.news .btn, .dwld.btn { margin:10px auto; background-color:transparent; color:#fff; padding:4px 0px; color:rgb(237, 110, 58); text-align:center;  border:1px solid rgb(237, 110, 58); border-radius:0; font-family:'lulocleanw01-oneboldregular', sans-serif; font-size:12px; width:190px; display: inherit; }\r\n.news .btn:hover, .dwld.btn:hover  { background:#ffa33b; color:#fff;}\r\n\/* End here*\/\r\n.s-cong h5 {\r\n    min-height: 35px;\r\n}\r\n<\/style><\/p>\r\n\r\n\r\n\r\n<p>&nbsp;<\/p>\r\n","protected":false},"excerpt":{"rendered":"<p>Configurations Standards Dessin d&#8217;atelier de l&#8217;unit\u00e9 principale \u00e0 5 portes T\u00e9l\u00e9charger le PDF Dessin d&#8217;atelier de l&#8217;unit\u00e9 principale \u00e0 8 portes T\u00e9l\u00e9charger le PDF Dessin d&#8217;atelier de l&#8217;unit\u00e9 principale \u00e0 12 portes T\u00e9l\u00e9charger le PDF Dessin d&#8217;atelier de l&#8217;unit\u00e9 principale \u00e0 20 portes T\u00e9l\u00e9charger le PDF Dessin d&#8217;atelier de l&#8217;unit\u00e9 principale \u00e0 1 portes T\u00e9l\u00e9charger &hellip; <\/p>\n<p class=\"link-more\"><a href=\"https:\/\/snailelockers.com\/fr\/configurations-des-casiers\/\" class=\"more-link\">Continue reading<span class=\"screen-reader-text\"> &#8220;Configurations Des Casiers&#8221;<\/span><\/a><\/p>\n","protected":false},"author":4,"featured_media":0,"parent":0,"menu_order":0,"comment_status":"closed","ping_status":"closed","template":"","meta":{"_acf_changed":false,"ngg_post_thumbnail":0,"footnotes":""},"class_list":["post-2037","page","type-page","status-publish","hentry"],"acf":[],"yoast_head":"<!-- This site is optimized with the Yoast SEO plugin v26.4 - https:\/\/yoast.com\/wordpress\/plugins\/seo\/ -->\n<title>Configurations Des Casiers - Snaile Lockers<\/title>\n<meta name=\"robots\" content=\"index, follow, max-snippet:-1, max-image-preview:large, max-video-preview:-1\" \/>\n<link rel=\"canonical\" href=\"https:\/\/snailelockers.com\/fr\/configurations-des-casiers\/\" \/>\n<meta property=\"og:locale\" content=\"en_US\" \/>\n<meta property=\"og:type\" content=\"article\" \/>\n<meta property=\"og:title\" content=\"Configurations Des Casiers - Snaile Lockers\" \/>\n<meta property=\"og:description\" content=\"Configurations Standards Dessin d&#8217;atelier de l&#8217;unit\u00e9 principale \u00e0 5 portes T\u00e9l\u00e9charger le PDF Dessin d&#8217;atelier de l&#8217;unit\u00e9 principale \u00e0 8 portes T\u00e9l\u00e9charger le PDF Dessin d&#8217;atelier de l&#8217;unit\u00e9 principale \u00e0 12 portes T\u00e9l\u00e9charger le PDF Dessin d&#8217;atelier de l&#8217;unit\u00e9 principale \u00e0 20 portes T\u00e9l\u00e9charger le PDF Dessin d&#8217;atelier de l&#8217;unit\u00e9 principale \u00e0 1 portes T\u00e9l\u00e9charger &hellip; Continue reading &quot;Configurations Des Casiers&quot;\" \/>\n<meta property=\"og:url\" content=\"https:\/\/snailelockers.com\/fr\/wp-json\/wp\/v2\/pages\/2037\" \/>\n<meta property=\"og:site_name\" content=\"Snaile Lockers\" \/>\n<meta property=\"article:modified_time\" content=\"2024-09-06T12:47:49+00:00\" \/>\n<meta property=\"og:image\" content=\"https:\/\/snailelockers.com\/fr\/wp-content\/uploads\/2022\/07\/master-5-door-shop.jpg\" \/>\n<meta name=\"twitter:card\" content=\"summary_large_image\" \/>\n<meta name=\"twitter:label1\" content=\"Est. reading time\" \/>\n\t<meta name=\"twitter:data1\" content=\"6 minutes\" \/>\n<script type=\"application\/ld+json\" class=\"yoast-schema-graph\">{\"@context\":\"https:\/\/schema.org\",\"@graph\":[{\"@type\":\"WebPage\",\"@id\":\"https:\/\/snailelockers.com\/fr\/configurations-des-casiers\/\",\"url\":\"https:\/\/snailelockers.com\/fr\/configurations-des-casiers\/\",\"name\":\"Configurations Des Casiers - Snaile Lockers\",\"isPartOf\":{\"@id\":\"https:\/\/snailelockers.com\/fr\/#website\"},\"primaryImageOfPage\":{\"@id\":\"https:\/\/snailelockers.com\/fr\/configurations-des-casiers\/#primaryimage\"},\"image\":{\"@id\":\"https:\/\/snailelockers.com\/fr\/configurations-des-casiers\/#primaryimage\"},\"thumbnailUrl\":\"https:\/\/snailelockers.com\/fr\/wp-content\/uploads\/2022\/07\/master-5-door-shop.jpg\",\"datePublished\":\"2022-01-12T12:47:08+00:00\",\"dateModified\":\"2024-09-06T12:47:49+00:00\",\"breadcrumb\":{\"@id\":\"https:\/\/snailelockers.com\/fr\/configurations-des-casiers\/#breadcrumb\"},\"inLanguage\":\"en-US\",\"potentialAction\":[{\"@type\":\"ReadAction\",\"target\":[\"https:\/\/snailelockers.com\/fr\/configurations-des-casiers\/\"]}]},{\"@type\":\"ImageObject\",\"inLanguage\":\"en-US\",\"@id\":\"https:\/\/snailelockers.com\/fr\/configurations-des-casiers\/#primaryimage\",\"url\":\"https:\/\/snailelockers.com\/fr\/wp-content\/uploads\/2022\/07\/master-5-door-shop.jpg\",\"contentUrl\":\"https:\/\/snailelockers.com\/fr\/wp-content\/uploads\/2022\/07\/master-5-door-shop.jpg\",\"width\":300,\"height\":380},{\"@type\":\"BreadcrumbList\",\"@id\":\"https:\/\/snailelockers.com\/fr\/configurations-des-casiers\/#breadcrumb\",\"itemListElement\":[{\"@type\":\"ListItem\",\"position\":1,\"name\":\"Home\",\"item\":\"https:\/\/snailelockers.com\/fr\/\"},{\"@type\":\"ListItem\",\"position\":2,\"name\":\"Configurations Des Casiers\"}]},{\"@type\":\"WebSite\",\"@id\":\"https:\/\/snailelockers.com\/fr\/#website\",\"url\":\"https:\/\/snailelockers.com\/fr\/\",\"name\":\"Snaile Lockers\",\"description\":\"\",\"potentialAction\":[{\"@type\":\"SearchAction\",\"target\":{\"@type\":\"EntryPoint\",\"urlTemplate\":\"https:\/\/snailelockers.com\/fr\/?s={search_term_string}\"},\"query-input\":{\"@type\":\"PropertyValueSpecification\",\"valueRequired\":true,\"valueName\":\"search_term_string\"}}],\"inLanguage\":\"en-US\"}]}<\/script>\n<!-- \/ Yoast SEO plugin. -->","yoast_head_json":{"title":"Configurations Des Casiers - Snaile Lockers","robots":{"index":"index","follow":"follow","max-snippet":"max-snippet:-1","max-image-preview":"max-image-preview:large","max-video-preview":"max-video-preview:-1"},"canonical":"https:\/\/snailelockers.com\/fr\/configurations-des-casiers\/","og_locale":"en_US","og_type":"article","og_title":"Configurations Des Casiers - Snaile Lockers","og_description":"Configurations Standards Dessin d&#8217;atelier de l&#8217;unit\u00e9 principale \u00e0 5 portes T\u00e9l\u00e9charger le PDF Dessin d&#8217;atelier de l&#8217;unit\u00e9 principale \u00e0 8 portes T\u00e9l\u00e9charger le PDF Dessin d&#8217;atelier de l&#8217;unit\u00e9 principale \u00e0 12 portes T\u00e9l\u00e9charger le PDF Dessin d&#8217;atelier de l&#8217;unit\u00e9 principale \u00e0 20 portes T\u00e9l\u00e9charger le PDF Dessin d&#8217;atelier de l&#8217;unit\u00e9 principale \u00e0 1 portes T\u00e9l\u00e9charger &hellip; Continue reading \"Configurations Des Casiers\"","og_url":"https:\/\/snailelockers.com\/fr\/wp-json\/wp\/v2\/pages\/2037","og_site_name":"Snaile Lockers","article_modified_time":"2024-09-06T12:47:49+00:00","og_image":[{"url":"https:\/\/snailelockers.com\/fr\/wp-content\/uploads\/2022\/07\/master-5-door-shop.jpg","type":"","width":"","height":""}],"twitter_card":"summary_large_image","twitter_misc":{"Est. reading time":"6 minutes"},"schema":{"@context":"https:\/\/schema.org","@graph":[{"@type":"WebPage","@id":"https:\/\/snailelockers.com\/fr\/configurations-des-casiers\/","url":"https:\/\/snailelockers.com\/fr\/configurations-des-casiers\/","name":"Configurations Des Casiers - Snaile Lockers","isPartOf":{"@id":"https:\/\/snailelockers.com\/fr\/#website"},"primaryImageOfPage":{"@id":"https:\/\/snailelockers.com\/fr\/configurations-des-casiers\/#primaryimage"},"image":{"@id":"https:\/\/snailelockers.com\/fr\/configurations-des-casiers\/#primaryimage"},"thumbnailUrl":"https:\/\/snailelockers.com\/fr\/wp-content\/uploads\/2022\/07\/master-5-door-shop.jpg","datePublished":"2022-01-12T12:47:08+00:00","dateModified":"2024-09-06T12:47:49+00:00","breadcrumb":{"@id":"https:\/\/snailelockers.com\/fr\/configurations-des-casiers\/#breadcrumb"},"inLanguage":"en-US","potentialAction":[{"@type":"ReadAction","target":["https:\/\/snailelockers.com\/fr\/configurations-des-casiers\/"]}]},{"@type":"ImageObject","inLanguage":"en-US","@id":"https:\/\/snailelockers.com\/fr\/configurations-des-casiers\/#primaryimage","url":"https:\/\/snailelockers.com\/fr\/wp-content\/uploads\/2022\/07\/master-5-door-shop.jpg","contentUrl":"https:\/\/snailelockers.com\/fr\/wp-content\/uploads\/2022\/07\/master-5-door-shop.jpg","width":300,"height":380},{"@type":"BreadcrumbList","@id":"https:\/\/snailelockers.com\/fr\/configurations-des-casiers\/#breadcrumb","itemListElement":[{"@type":"ListItem","position":1,"name":"Home","item":"https:\/\/snailelockers.com\/fr\/"},{"@type":"ListItem","position":2,"name":"Configurations Des Casiers"}]},{"@type":"WebSite","@id":"https:\/\/snailelockers.com\/fr\/#website","url":"https:\/\/snailelockers.com\/fr\/","name":"Snaile Lockers","description":"","potentialAction":[{"@type":"SearchAction","target":{"@type":"EntryPoint","urlTemplate":"https:\/\/snailelockers.com\/fr\/?s={search_term_string}"},"query-input":{"@type":"PropertyValueSpecification","valueRequired":true,"valueName":"search_term_string"}}],"inLanguage":"en-US"}]}},"_links":{"self":[{"href":"https:\/\/snailelockers.com\/fr\/wp-json\/wp\/v2\/pages\/2037","targetHints":{"allow":["GET"]}}],"collection":[{"href":"https:\/\/snailelockers.com\/fr\/wp-json\/wp\/v2\/pages"}],"about":[{"href":"https:\/\/snailelockers.com\/fr\/wp-json\/wp\/v2\/types\/page"}],"author":[{"embeddable":true,"href":"https:\/\/snailelockers.com\/fr\/wp-json\/wp\/v2\/users\/4"}],"replies":[{"embeddable":true,"href":"https:\/\/snailelockers.com\/fr\/wp-json\/wp\/v2\/comments?post=2037"}],"version-history":[{"count":13,"href":"https:\/\/snailelockers.com\/fr\/wp-json\/wp\/v2\/pages\/2037\/revisions"}],"predecessor-version":[{"id":2457,"href":"https:\/\/snailelockers.com\/fr\/wp-json\/wp\/v2\/pages\/2037\/revisions\/2457"}],"wp:attachment":[{"href":"https:\/\/snailelockers.com\/fr\/wp-json\/wp\/v2\/media?parent=2037"}],"curies":[{"name":"wp","href":"https:\/\/api.w.org\/{rel}","templated":true}]}}