{"id":127,"date":"2019-08-21T12:01:34","date_gmt":"2019-08-21T12:01:34","guid":{"rendered":"https:\/\/snailelockers.com\/fr\/?page_id=127"},"modified":"2020-04-15T09:40:21","modified_gmt":"2020-04-15T09:40:21","slug":"a-propos-de-nous","status":"publish","type":"page","link":"https:\/\/snailelockers.com\/fr\/a-propos-de-nous\/","title":{"rendered":"\u00c0 propos de nous"},"content":{"rendered":"<section class=\"container-flud about pdg clearfix\">\n<div class=\"col-lg-12 col-md-12 col-sm-12 clearfix\">\n<h1>\u00c0 PROPOS DE NOUS<\/h1>\n<article>\u00c9lu vainqueur de l&#8217;INNOVATION NUM\u00c9RIQUE DE L&#8217;ANN\u00c9E par Postal Technology International Awards 2016 et la deuxi\u00e8me place du concours INNOVATION CATEGORY sponsoris\u00e9e par World Post &amp; Parcel Awards 2017, la soci\u00e9t\u00e9 canadienne Snaile (prononc\u00e9 Snail.ee) fabrique et distribue des dispositifs de l&#8217;Internet postal, casiers \u00e0 colis automatis\u00e9s et bo\u00eetes postales du dernier kilom\u00e8tre pour unit\u00e9 r\u00e9sidentielle modernisant les services postaux traditionnels du premier et du dernier kilom\u00e8tre.<\/p>\n<p>Pour plus d&#8217;informations, visitez <a href=\"http:\/\/www.snaile.com\/\">http:\/\/www.snaile.com\/<\/a><\/p>\n<\/article>\n<\/div>\n<\/section>\n","protected":false},"excerpt":{"rendered":"<p>\u00c0 PROPOS DE NOUS \u00c9lu vainqueur de l&#8217;INNOVATION NUM\u00c9RIQUE DE L&#8217;ANN\u00c9E par Postal Technology International Awards 2016 et la deuxi\u00e8me place du concours INNOVATION CATEGORY sponsoris\u00e9e par World Post &amp; Parcel Awards 2017, la soci\u00e9t\u00e9 canadienne Snaile (prononc\u00e9 Snail.ee) fabrique et distribue des dispositifs de l&#8217;Internet postal, casiers \u00e0 colis automatis\u00e9s et bo\u00eetes postales du &hellip; <\/p>\n<p class=\"link-more\"><a href=\"https:\/\/snailelockers.com\/fr\/a-propos-de-nous\/\" class=\"more-link\">Continue reading<span class=\"screen-reader-text\"> &#8220;\u00c0 propos de nous&#8221;<\/span><\/a><\/p>\n","protected":false},"author":4,"featured_media":0,"parent":0,"menu_order":0,"comment_status":"closed","ping_status":"closed","template":"thank-you.php","meta":{"_acf_changed":false,"ngg_post_thumbnail":0,"footnotes":""},"class_list":["post-127","page","type-page","status-publish","hentry"],"acf":[],"yoast_head":"<!-- This site is optimized with the Yoast SEO plugin v26.4 - https:\/\/yoast.com\/wordpress\/plugins\/seo\/ -->\n<title>\u00c0 propos de nous - Snaile Lockers<\/title>\n<meta name=\"robots\" content=\"index, follow, max-snippet:-1, max-image-preview:large, max-video-preview:-1\" \/>\n<link rel=\"canonical\" href=\"https:\/\/snailelockers.com\/fr\/a-propos-de-nous\/\" \/>\n<meta property=\"og:locale\" content=\"en_US\" \/>\n<meta property=\"og:type\" content=\"article\" \/>\n<meta property=\"og:title\" content=\"\u00c0 propos de nous - Snaile Lockers\" \/>\n<meta property=\"og:description\" content=\"\u00c0 PROPOS DE NOUS \u00c9lu vainqueur de l&#8217;INNOVATION NUM\u00c9RIQUE DE L&#8217;ANN\u00c9E par Postal Technology International Awards 2016 et la deuxi\u00e8me place du concours INNOVATION CATEGORY sponsoris\u00e9e par World Post &amp; Parcel Awards 2017, la soci\u00e9t\u00e9 canadienne Snaile (prononc\u00e9 Snail.ee) fabrique et distribue des dispositifs de l&#8217;Internet postal, casiers \u00e0 colis automatis\u00e9s et bo\u00eetes postales du &hellip; Continue reading &quot;\u00c0 propos de nous&quot;\" \/>\n<meta property=\"og:url\" content=\"https:\/\/snailelockers.com\/fr\/wp-json\/wp\/v2\/pages\/127\" \/>\n<meta property=\"og:site_name\" content=\"Snaile Lockers\" \/>\n<meta property=\"article:modified_time\" content=\"2020-04-15T09:40:21+00:00\" \/>\n<meta name=\"twitter:card\" content=\"summary_large_image\" \/>\n<script type=\"application\/ld+json\" class=\"yoast-schema-graph\">{\"@context\":\"https:\/\/schema.org\",\"@graph\":[{\"@type\":\"WebPage\",\"@id\":\"https:\/\/snailelockers.com\/fr\/a-propos-de-nous\/\",\"url\":\"https:\/\/snailelockers.com\/fr\/a-propos-de-nous\/\",\"name\":\"\u00c0 propos de nous - Snaile Lockers\",\"isPartOf\":{\"@id\":\"https:\/\/snailelockers.com\/fr\/#website\"},\"datePublished\":\"2019-08-21T12:01:34+00:00\",\"dateModified\":\"2020-04-15T09:40:21+00:00\",\"breadcrumb\":{\"@id\":\"https:\/\/snailelockers.com\/fr\/a-propos-de-nous\/#breadcrumb\"},\"inLanguage\":\"en-US\",\"potentialAction\":[{\"@type\":\"ReadAction\",\"target\":[\"https:\/\/snailelockers.com\/fr\/a-propos-de-nous\/\"]}]},{\"@type\":\"BreadcrumbList\",\"@id\":\"https:\/\/snailelockers.com\/fr\/a-propos-de-nous\/#breadcrumb\",\"itemListElement\":[{\"@type\":\"ListItem\",\"position\":1,\"name\":\"Home\",\"item\":\"https:\/\/snailelockers.com\/fr\/\"},{\"@type\":\"ListItem\",\"position\":2,\"name\":\"\u00c0 propos de nous\"}]},{\"@type\":\"WebSite\",\"@id\":\"https:\/\/snailelockers.com\/fr\/#website\",\"url\":\"https:\/\/snailelockers.com\/fr\/\",\"name\":\"Snaile Lockers\",\"description\":\"\",\"potentialAction\":[{\"@type\":\"SearchAction\",\"target\":{\"@type\":\"EntryPoint\",\"urlTemplate\":\"https:\/\/snailelockers.com\/fr\/?s={search_term_string}\"},\"query-input\":{\"@type\":\"PropertyValueSpecification\",\"valueRequired\":true,\"valueName\":\"search_term_string\"}}],\"inLanguage\":\"en-US\"}]}<\/script>\n<!-- \/ Yoast SEO plugin. -->","yoast_head_json":{"title":"\u00c0 propos de nous - Snaile Lockers","robots":{"index":"index","follow":"follow","max-snippet":"max-snippet:-1","max-image-preview":"max-image-preview:large","max-video-preview":"max-video-preview:-1"},"canonical":"https:\/\/snailelockers.com\/fr\/a-propos-de-nous\/","og_locale":"en_US","og_type":"article","og_title":"\u00c0 propos de nous - Snaile Lockers","og_description":"\u00c0 PROPOS DE NOUS \u00c9lu vainqueur de l&#8217;INNOVATION NUM\u00c9RIQUE DE L&#8217;ANN\u00c9E par Postal Technology International Awards 2016 et la deuxi\u00e8me place du concours INNOVATION CATEGORY sponsoris\u00e9e par World Post &amp; Parcel Awards 2017, la soci\u00e9t\u00e9 canadienne Snaile (prononc\u00e9 Snail.ee) fabrique et distribue des dispositifs de l&#8217;Internet postal, casiers \u00e0 colis automatis\u00e9s et bo\u00eetes postales du &hellip; Continue reading \"\u00c0 propos de nous\"","og_url":"https:\/\/snailelockers.com\/fr\/wp-json\/wp\/v2\/pages\/127","og_site_name":"Snaile Lockers","article_modified_time":"2020-04-15T09:40:21+00:00","twitter_card":"summary_large_image","schema":{"@context":"https:\/\/schema.org","@graph":[{"@type":"WebPage","@id":"https:\/\/snailelockers.com\/fr\/a-propos-de-nous\/","url":"https:\/\/snailelockers.com\/fr\/a-propos-de-nous\/","name":"\u00c0 propos de nous - Snaile Lockers","isPartOf":{"@id":"https:\/\/snailelockers.com\/fr\/#website"},"datePublished":"2019-08-21T12:01:34+00:00","dateModified":"2020-04-15T09:40:21+00:00","breadcrumb":{"@id":"https:\/\/snailelockers.com\/fr\/a-propos-de-nous\/#breadcrumb"},"inLanguage":"en-US","potentialAction":[{"@type":"ReadAction","target":["https:\/\/snailelockers.com\/fr\/a-propos-de-nous\/"]}]},{"@type":"BreadcrumbList","@id":"https:\/\/snailelockers.com\/fr\/a-propos-de-nous\/#breadcrumb","itemListElement":[{"@type":"ListItem","position":1,"name":"Home","item":"https:\/\/snailelockers.com\/fr\/"},{"@type":"ListItem","position":2,"name":"\u00c0 propos de nous"}]},{"@type":"WebSite","@id":"https:\/\/snailelockers.com\/fr\/#website","url":"https:\/\/snailelockers.com\/fr\/","name":"Snaile Lockers","description":"","potentialAction":[{"@type":"SearchAction","target":{"@type":"EntryPoint","urlTemplate":"https:\/\/snailelockers.com\/fr\/?s={search_term_string}"},"query-input":{"@type":"PropertyValueSpecification","valueRequired":true,"valueName":"search_term_string"}}],"inLanguage":"en-US"}]}},"_links":{"self":[{"href":"https:\/\/snailelockers.com\/fr\/wp-json\/wp\/v2\/pages\/127","targetHints":{"allow":["GET"]}}],"collection":[{"href":"https:\/\/snailelockers.com\/fr\/wp-json\/wp\/v2\/pages"}],"about":[{"href":"https:\/\/snailelockers.com\/fr\/wp-json\/wp\/v2\/types\/page"}],"author":[{"embeddable":true,"href":"https:\/\/snailelockers.com\/fr\/wp-json\/wp\/v2\/users\/4"}],"replies":[{"embeddable":true,"href":"https:\/\/snailelockers.com\/fr\/wp-json\/wp\/v2\/comments?post=127"}],"version-history":[{"count":4,"href":"https:\/\/snailelockers.com\/fr\/wp-json\/wp\/v2\/pages\/127\/revisions"}],"predecessor-version":[{"id":1997,"href":"https:\/\/snailelockers.com\/fr\/wp-json\/wp\/v2\/pages\/127\/revisions\/1997"}],"wp:attachment":[{"href":"https:\/\/snailelockers.com\/fr\/wp-json\/wp\/v2\/media?parent=127"}],"curies":[{"name":"wp","href":"https:\/\/api.w.org\/{rel}","templated":true}]}}